{"id":73,"date":"2020-09-21T13:47:27","date_gmt":"2020-09-21T17:47:27","guid":{"rendered":"https:\/\/merici-support-bbh9hxd2a5c5g8c9.canadacentral-01.azurewebsites.net\/?page_id=73"},"modified":"2025-08-07T12:09:13","modified_gmt":"2025-08-07T16:09:13","slug":"moodle","status":"publish","type":"page","link":"https:\/\/support.merici.ca\/?page_id=73","title":{"rendered":"Moodle"},"content":{"rendered":"\n<figure class=\"wp-block-image size-large\"><a href=\"https:\/\/moodle.merici.ca\/\" target=\"_blank\" rel=\"noopener noreferrer\"><img loading=\"lazy\" decoding=\"async\" width=\"1024\" height=\"262\" src=\"https:\/\/merici-support-bbh9hxd2a5c5g8c9.canadacentral-01.azurewebsites.net\/wp-content\/uploads\/2020\/09\/Moodle-Logo.wine_-1024x262.png\" alt=\"\" class=\"wp-image-177\" srcset=\"https:\/\/support.merici.ca\/wp-content\/uploads\/2020\/09\/Moodle-Logo.wine_-1024x262.png 1024w, https:\/\/support.merici.ca\/wp-content\/uploads\/2020\/09\/Moodle-Logo.wine_-300x77.png 300w, https:\/\/support.merici.ca\/wp-content\/uploads\/2020\/09\/Moodle-Logo.wine_-768x197.png 768w, https:\/\/support.merici.ca\/wp-content\/uploads\/2020\/09\/Moodle-Logo.wine_-1536x393.png 1536w, https:\/\/support.merici.ca\/wp-content\/uploads\/2020\/09\/Moodle-Logo.wine_-2048x524.png 2048w, https:\/\/support.merici.ca\/wp-content\/uploads\/2020\/09\/Moodle-Logo.wine_-1200x307.png 1200w, https:\/\/support.merici.ca\/wp-content\/uploads\/2020\/09\/Moodle-Logo.wine_-1980x507.png 1980w\" sizes=\"auto, (max-width: 1024px) 100vw, 1024px\" \/><\/a><\/figure>\n\n\n\n<p class=\"has-text-align-center\"><strong>Identifiants n\u00e9cessaires \u00e0 la connexion :<\/strong><\/p>\n\n\n\n<p class=\"has-text-align-center\"><strong>Nom d&rsquo;utilisateur&nbsp;<\/strong>: Celui du coll\u00e8ge (DA \u00e9tudiant)<\/p>\n\n\n\n<p class=\"has-text-align-center\"><strong>Mot de passe <\/strong>\u00a0: Celui d&rsquo;Omnivox<\/p>\n\n\n\n<p class=\"has-text-align-center\"><a href=\"https:\/\/moodle.merici.ca\/login\/index.php\" target=\"_blank\" rel=\"noreferrer noopener\">https:\/\/moodle.merici.ca\/login\/index.php<\/a><\/p>\n","protected":false},"excerpt":{"rendered":"<p>Identifiants n\u00e9cessaires \u00e0 la connexion : Nom d&rsquo;utilisateur&nbsp;: Celui du coll\u00e8ge (DA \u00e9tudiant) Mot de passe \u00a0: Celui d&rsquo;Omnivox https:\/\/moodle.merici.ca\/login\/index.php<\/p>\n","protected":false},"author":1,"featured_media":0,"parent":0,"menu_order":0,"comment_status":"closed","ping_status":"closed","template":"","meta":{"footnotes":""},"class_list":["post-73","page","type-page","status-publish","hentry"],"_links":{"self":[{"href":"https:\/\/support.merici.ca\/index.php?rest_route=\/wp\/v2\/pages\/73","targetHints":{"allow":["GET"]}}],"collection":[{"href":"https:\/\/support.merici.ca\/index.php?rest_route=\/wp\/v2\/pages"}],"about":[{"href":"https:\/\/support.merici.ca\/index.php?rest_route=\/wp\/v2\/types\/page"}],"author":[{"embeddable":true,"href":"https:\/\/support.merici.ca\/index.php?rest_route=\/wp\/v2\/users\/1"}],"replies":[{"embeddable":true,"href":"https:\/\/support.merici.ca\/index.php?rest_route=%2Fwp%2Fv2%2Fcomments&post=73"}],"version-history":[{"count":12,"href":"https:\/\/support.merici.ca\/index.php?rest_route=\/wp\/v2\/pages\/73\/revisions"}],"predecessor-version":[{"id":707,"href":"https:\/\/support.merici.ca\/index.php?rest_route=\/wp\/v2\/pages\/73\/revisions\/707"}],"wp:attachment":[{"href":"https:\/\/support.merici.ca\/index.php?rest_route=%2Fwp%2Fv2%2Fmedia&parent=73"}],"curies":[{"name":"wp","href":"https:\/\/api.w.org\/{rel}","templated":true}]}}