{"id":720,"date":"2026-04-07T11:16:32","date_gmt":"2026-04-07T15:16:32","guid":{"rendered":"https:\/\/support.merici.ca\/?page_id=720"},"modified":"2026-04-07T11:16:58","modified_gmt":"2026-04-07T15:16:58","slug":"client-vpn","status":"publish","type":"page","link":"https:\/\/support.merici.ca\/?page_id=720","title":{"rendered":"Client VPN"},"content":{"rendered":"\n<p class=\"has-larger-font-size\">Client VPN<\/p>\n\n\n\n<p>Pour installer le client VPN, ouvrez l&rsquo;application Portail d&rsquo;entreprise.<\/p>\n\n\n\n<figure class=\"wp-block-image size-full\"><img loading=\"lazy\" decoding=\"async\" width=\"811\" height=\"205\" src=\"https:\/\/support.merici.ca\/wp-content\/uploads\/2026\/04\/image.png\" alt=\"\" class=\"wp-image-721\" srcset=\"https:\/\/support.merici.ca\/wp-content\/uploads\/2026\/04\/image.png 811w, https:\/\/support.merici.ca\/wp-content\/uploads\/2026\/04\/image-300x76.png 300w, https:\/\/support.merici.ca\/wp-content\/uploads\/2026\/04\/image-768x194.png 768w\" sizes=\"auto, (max-width: 811px) 100vw, 811px\" \/><\/figure>\n\n\n\n<p>Dans l&rsquo;application, cherchez pour Cloudflare WARP dans le haut de la page. Cliquez dessus et cliquez sur le bouton Installer. L&rsquo;installation va prendre quelques minutes.<br><\/p>\n\n\n\n<figure class=\"wp-block-image size-large\"><img loading=\"lazy\" decoding=\"async\" width=\"1024\" height=\"375\" src=\"https:\/\/support.merici.ca\/wp-content\/uploads\/2026\/04\/image-1-1024x375.png\" alt=\"\" class=\"wp-image-722\" srcset=\"https:\/\/support.merici.ca\/wp-content\/uploads\/2026\/04\/image-1-1024x375.png 1024w, https:\/\/support.merici.ca\/wp-content\/uploads\/2026\/04\/image-1-300x110.png 300w, https:\/\/support.merici.ca\/wp-content\/uploads\/2026\/04\/image-1-768x282.png 768w, https:\/\/support.merici.ca\/wp-content\/uploads\/2026\/04\/image-1.png 1200w\" sizes=\"auto, (max-width: 1024px) 100vw, 1024px\" \/><\/figure>\n\n\n\n<p>Quand l&rsquo;installation est termin\u00e9e, votre navigateur va ouvrir automatiquement pour vous authentifier. Lorsque l&rsquo;authentification est compl\u00e9t\u00e9e, cliquez simplement sur le bouton Ouvrir.<\/p>\n\n\n\n<figure class=\"wp-block-image size-full\"><img loading=\"lazy\" decoding=\"async\" width=\"800\" height=\"756\" src=\"https:\/\/support.merici.ca\/wp-content\/uploads\/2026\/04\/image.jpg\" alt=\"\" class=\"wp-image-724\" srcset=\"https:\/\/support.merici.ca\/wp-content\/uploads\/2026\/04\/image.jpg 800w, https:\/\/support.merici.ca\/wp-content\/uploads\/2026\/04\/image-300x284.jpg 300w, https:\/\/support.merici.ca\/wp-content\/uploads\/2026\/04\/image-768x726.jpg 768w\" sizes=\"auto, (max-width: 800px) 100vw, 800px\" \/><\/figure>\n\n\n\n<p>Pour activer le client VPN, cliquez sur l&rsquo;ic\u00f4ne de nuage dans votre barre de t\u00e2ches et cliquez sur l&rsquo;interrupteur.<\/p>\n\n\n\n<figure class=\"wp-block-image size-full\"><img loading=\"lazy\" decoding=\"async\" width=\"207\" height=\"197\" src=\"https:\/\/support.merici.ca\/wp-content\/uploads\/2026\/04\/image-7.png\" alt=\"\" class=\"wp-image-731\"\/><\/figure>\n\n\n\n<figure class=\"wp-block-image size-full\"><img loading=\"lazy\" decoding=\"async\" width=\"346\" height=\"449\" src=\"https:\/\/support.merici.ca\/wp-content\/uploads\/2026\/04\/image-8.png\" alt=\"\" class=\"wp-image-732\" srcset=\"https:\/\/support.merici.ca\/wp-content\/uploads\/2026\/04\/image-8.png 346w, https:\/\/support.merici.ca\/wp-content\/uploads\/2026\/04\/image-8-231x300.png 231w\" sizes=\"auto, (max-width: 346px) 100vw, 346px\" \/><\/figure>\n\n\n\n<figure class=\"wp-block-image size-full\"><img loading=\"lazy\" decoding=\"async\" width=\"346\" height=\"446\" src=\"https:\/\/support.merici.ca\/wp-content\/uploads\/2026\/04\/image-6.png\" alt=\"\" class=\"wp-image-730\" srcset=\"https:\/\/support.merici.ca\/wp-content\/uploads\/2026\/04\/image-6.png 346w, https:\/\/support.merici.ca\/wp-content\/uploads\/2026\/04\/image-6-233x300.png 233w\" sizes=\"auto, (max-width: 346px) 100vw, 346px\" \/><\/figure>\n\n\n\n<p><\/p>\n","protected":false},"excerpt":{"rendered":"<p>Client VPN Pour installer le client VPN, ouvrez l&rsquo;application Portail d&rsquo;entreprise. Dans l&rsquo;application, cherchez pour Cloudflare WARP dans le haut de la page. Cliquez dessus et cliquez sur le bouton Installer. L&rsquo;installation va prendre quelques minutes. Quand l&rsquo;installation est termin\u00e9e, votre navigateur va ouvrir automatiquement pour vous authentifier. Lorsque l&rsquo;authentification est compl\u00e9t\u00e9e, cliquez simplement sur [&hellip;]<\/p>\n","protected":false},"author":1,"featured_media":0,"parent":0,"menu_order":0,"comment_status":"closed","ping_status":"closed","template":"","meta":{"footnotes":""},"class_list":["post-720","page","type-page","status-publish","hentry"],"_links":{"self":[{"href":"https:\/\/support.merici.ca\/index.php?rest_route=\/wp\/v2\/pages\/720","targetHints":{"allow":["GET"]}}],"collection":[{"href":"https:\/\/support.merici.ca\/index.php?rest_route=\/wp\/v2\/pages"}],"about":[{"href":"https:\/\/support.merici.ca\/index.php?rest_route=\/wp\/v2\/types\/page"}],"author":[{"embeddable":true,"href":"https:\/\/support.merici.ca\/index.php?rest_route=\/wp\/v2\/users\/1"}],"replies":[{"embeddable":true,"href":"https:\/\/support.merici.ca\/index.php?rest_route=%2Fwp%2Fv2%2Fcomments&post=720"}],"version-history":[{"count":4,"href":"https:\/\/support.merici.ca\/index.php?rest_route=\/wp\/v2\/pages\/720\/revisions"}],"predecessor-version":[{"id":734,"href":"https:\/\/support.merici.ca\/index.php?rest_route=\/wp\/v2\/pages\/720\/revisions\/734"}],"wp:attachment":[{"href":"https:\/\/support.merici.ca\/index.php?rest_route=%2Fwp%2Fv2%2Fmedia&parent=720"}],"curies":[{"name":"wp","href":"https:\/\/api.w.org\/{rel}","templated":true}]}}