{"id":649,"date":"2023-05-17T10:36:45","date_gmt":"2023-05-17T14:36:45","guid":{"rendered":"https:\/\/merici-support-bbh9hxd2a5c5g8c9.canadacentral-01.azurewebsites.net\/?page_id=649"},"modified":"2023-05-17T10:40:51","modified_gmt":"2023-05-17T14:40:51","slug":"message-dabsence-microsoft-365","status":"publish","type":"page","link":"https:\/\/support.merici.ca\/?page_id=649","title":{"rendered":"Message d&rsquo;absence Microsoft 365"},"content":{"rendered":"\n<h2 class=\"wp-block-heading\">Message d&rsquo;absence Microsoft 365<\/h2>\n\n\n\n<p>Lorsque vous devez vous absenter pour une p\u00e9riode prolong\u00e9e, l\u2019activation d\u2019un message d\u2019absence automatique est alors conseill\u00e9e.<\/p>\n\n\n\n<p>Voici les \u00e9tapes&nbsp;:<\/p>\n\n\n\n<ul class=\"wp-block-list\"><li>Pour la version <strong>bureau<\/strong> <strong>(logiciel)<\/strong> Vous devez cliquer sur <strong>Fichier &gt; R\u00e9ponses automatiques<\/strong>.<\/li><\/ul>\n\n\n\n<p><em>*Les options sont similaires \u00e0 la version Web.<\/em><\/p>\n\n\n\n<figure class=\"wp-block-image size-full\"><img loading=\"lazy\" decoding=\"async\" width=\"599\" height=\"96\" src=\"https:\/\/merici-support-bbh9hxd2a5c5g8c9.canadacentral-01.azurewebsites.net\/wp-content\/uploads\/2023\/05\/Image1.png\" alt=\"\" class=\"wp-image-652\" srcset=\"https:\/\/support.merici.ca\/wp-content\/uploads\/2023\/05\/Image1.png 599w, https:\/\/support.merici.ca\/wp-content\/uploads\/2023\/05\/Image1-300x48.png 300w\" sizes=\"auto, (max-width: 599px) 100vw, 599px\" \/><\/figure>\n\n\n\n<figure class=\"wp-block-image size-full\"><img loading=\"lazy\" decoding=\"async\" width=\"384\" height=\"183\" src=\"https:\/\/merici-support-bbh9hxd2a5c5g8c9.canadacentral-01.azurewebsites.net\/wp-content\/uploads\/2023\/05\/Image2.png\" alt=\"\" class=\"wp-image-653\" srcset=\"https:\/\/support.merici.ca\/wp-content\/uploads\/2023\/05\/Image2.png 384w, https:\/\/support.merici.ca\/wp-content\/uploads\/2023\/05\/Image2-300x143.png 300w\" sizes=\"auto, (max-width: 384px) 100vw, 384px\" \/><\/figure>\n\n\n\n<ul class=\"wp-block-list\"><li>Pour la version<strong> Web<\/strong> <strong>(OWA)<\/strong> Vous devez cliquer sur la <strong>roue dentel\u00e9e<\/strong>, <strong>Afficher tous les param\u00e8tres d\u2019Outlook <\/strong>et ensuite sur<strong>Courrier &gt; R\u00e9ponses automatiques.<\/strong><\/li><\/ul>\n\n\n\n<p><em>*Vous devez vous connecter<\/em><a href=\"https:\/\/outlook.office.com\/\"><strong><em> ici<\/em><\/strong><\/a><em> <\/em><em>\u00e0 l\u2019aide de votre compte courriel du coll\u00e8ge.<\/em><\/p>\n\n\n\n<figure class=\"wp-block-image size-full\"><img loading=\"lazy\" decoding=\"async\" width=\"225\" height=\"150\" src=\"https:\/\/merici-support-bbh9hxd2a5c5g8c9.canadacentral-01.azurewebsites.net\/wp-content\/uploads\/2023\/05\/Image3.png\" alt=\"\" class=\"wp-image-654\"\/><\/figure>\n\n\n\n<p>Vous pouvez maintenant <strong>Activer les r\u00e9ponses automatiques<\/strong> et cr\u00e9er votre message personnalis\u00e9.<\/p>\n\n\n\n<p>Si vous recevez des messages en provenance d\u2019une autre organisation, vous devez activer l\u2019option <strong>Envoyer des r\u00e9ponses hors de votre organisation<\/strong>.<\/p>\n\n\n\n<p>Vous pouvez facilement modifier la p\u00e9riode d\u2019envoi des messages d\u2019absences en activant l\u2019option <strong>Envoyer des r\u00e9ponses uniquement pendant une p\u00e9riode donn\u00e9e<\/strong>.<\/p>\n\n\n\n<p>Si vous d\u00e9sirez un effet instantan\u00e9, cr\u00e9ez votre message \u00e0 partir de la version <strong>Web<\/strong>. Celui-ci sera automatiquement synchronis\u00e9 avec Teams et Outlook.<\/p>\n","protected":false},"excerpt":{"rendered":"<p>Message d&rsquo;absence Microsoft 365 Lorsque vous devez vous absenter pour une p\u00e9riode prolong\u00e9e, l\u2019activation d\u2019un message d\u2019absence automatique est alors conseill\u00e9e. Voici les \u00e9tapes&nbsp;: Pour la version bureau (logiciel) Vous devez cliquer sur Fichier &gt; R\u00e9ponses automatiques. *Les options sont similaires \u00e0 la version Web. Pour la version Web (OWA) Vous devez cliquer sur la [&hellip;]<\/p>\n","protected":false},"author":1,"featured_media":0,"parent":0,"menu_order":0,"comment_status":"closed","ping_status":"closed","template":"","meta":{"footnotes":""},"class_list":["post-649","page","type-page","status-publish","hentry"],"_links":{"self":[{"href":"https:\/\/support.merici.ca\/index.php?rest_route=\/wp\/v2\/pages\/649","targetHints":{"allow":["GET"]}}],"collection":[{"href":"https:\/\/support.merici.ca\/index.php?rest_route=\/wp\/v2\/pages"}],"about":[{"href":"https:\/\/support.merici.ca\/index.php?rest_route=\/wp\/v2\/types\/page"}],"author":[{"embeddable":true,"href":"https:\/\/support.merici.ca\/index.php?rest_route=\/wp\/v2\/users\/1"}],"replies":[{"embeddable":true,"href":"https:\/\/support.merici.ca\/index.php?rest_route=%2Fwp%2Fv2%2Fcomments&post=649"}],"version-history":[{"count":3,"href":"https:\/\/support.merici.ca\/index.php?rest_route=\/wp\/v2\/pages\/649\/revisions"}],"predecessor-version":[{"id":659,"href":"https:\/\/support.merici.ca\/index.php?rest_route=\/wp\/v2\/pages\/649\/revisions\/659"}],"wp:attachment":[{"href":"https:\/\/support.merici.ca\/index.php?rest_route=%2Fwp%2Fv2%2Fmedia&parent=649"}],"curies":[{"name":"wp","href":"https:\/\/api.w.org\/{rel}","templated":true}]}}