{"id":598,"date":"2022-09-09T09:21:07","date_gmt":"2022-09-09T13:21:07","guid":{"rendered":"https:\/\/merici-support-bbh9hxd2a5c5g8c9.canadacentral-01.azurewebsites.net\/?page_id=598"},"modified":"2022-09-09T09:41:08","modified_gmt":"2022-09-09T13:41:08","slug":"teameo","status":"publish","type":"page","link":"https:\/\/support.merici.ca\/?page_id=598","title":{"rendered":"Teameo"},"content":{"rendered":"\n<div class=\"wp-block-image\"><figure class=\"aligncenter size-full\"><img loading=\"lazy\" decoding=\"async\" width=\"451\" height=\"144\" src=\"https:\/\/merici-support-bbh9hxd2a5c5g8c9.canadacentral-01.azurewebsites.net\/wp-content\/uploads\/2022\/09\/Teameo_Logo_FR.png\" alt=\"\" class=\"wp-image-604\" srcset=\"https:\/\/support.merici.ca\/wp-content\/uploads\/2022\/09\/Teameo_Logo_FR.png 451w, https:\/\/support.merici.ca\/wp-content\/uploads\/2022\/09\/Teameo_Logo_FR-300x96.png 300w\" sizes=\"auto, (max-width: 451px) 100vw, 451px\" \/><\/figure><\/div>\n\n\n\n<p class=\"has-text-align-center\"><a href=\"https:\/\/teameo.io\/fr\/\">https:\/\/teameo.io\/fr\/<\/a><\/p>\n\n\n\n<div data-wp-interactive=\"core\/file\" class=\"wp-block-file\"><object data-wp-bind--hidden=\"!state.hasPdfPreview\" hidden class=\"wp-block-file__embed\" data=\"https:\/\/merici-support-bbh9hxd2a5c5g8c9.canadacentral-01.azurewebsites.net\/wp-content\/uploads\/2022\/09\/Teameo_GestionDeClasses.pdf\" type=\"application\/pdf\" style=\"width:100%;height:600px\" aria-label=\"Contenu incorpor\u00e9 Contenu incorpor\u00e9 T\u00e9ameo_GestionDeClasses..\"><\/object><a href=\"https:\/\/merici-support-bbh9hxd2a5c5g8c9.canadacentral-01.azurewebsites.net\/wp-content\/uploads\/2022\/09\/Teameo_GestionDeClasses.pdf\">T\u00e9ameo_GestionDeClasses<\/a><a href=\"https:\/\/merici-support-bbh9hxd2a5c5g8c9.canadacentral-01.azurewebsites.net\/wp-content\/uploads\/2022\/09\/Teameo_GestionDeClasses.pdf\" class=\"wp-block-file__button\" download>T\u00e9l\u00e9charger<\/a><\/div>\n\n\n\n<div data-wp-interactive=\"core\/file\" class=\"wp-block-file\"><object data-wp-bind--hidden=\"!state.hasPdfPreview\" hidden class=\"wp-block-file__embed\" data=\"https:\/\/merici-support-bbh9hxd2a5c5g8c9.canadacentral-01.azurewebsites.net\/wp-content\/uploads\/2022\/09\/Teameo_EpinglagePastille.pdf\" type=\"application\/pdf\" style=\"width:100%;height:600px\" aria-label=\"Contenu incorpor\u00e9 Contenu incorpor\u00e9 T\u00e9ameo_\u00c9pinglagePastille..\"><\/object><a href=\"https:\/\/merici-support-bbh9hxd2a5c5g8c9.canadacentral-01.azurewebsites.net\/wp-content\/uploads\/2022\/09\/Teameo_EpinglagePastille.pdf\">T\u00e9ameo_\u00c9pinglagePastille<\/a><a href=\"https:\/\/merici-support-bbh9hxd2a5c5g8c9.canadacentral-01.azurewebsites.net\/wp-content\/uploads\/2022\/09\/Teameo_EpinglagePastille.pdf\" class=\"wp-block-file__button\" download>T\u00e9l\u00e9charger<\/a><\/div>\n","protected":false},"excerpt":{"rendered":"<p>https:\/\/teameo.io\/fr\/<\/p>\n","protected":false},"author":1,"featured_media":0,"parent":0,"menu_order":0,"comment_status":"closed","ping_status":"closed","template":"","meta":{"footnotes":""},"class_list":["post-598","page","type-page","status-publish","hentry"],"_links":{"self":[{"href":"https:\/\/support.merici.ca\/index.php?rest_route=\/wp\/v2\/pages\/598","targetHints":{"allow":["GET"]}}],"collection":[{"href":"https:\/\/support.merici.ca\/index.php?rest_route=\/wp\/v2\/pages"}],"about":[{"href":"https:\/\/support.merici.ca\/index.php?rest_route=\/wp\/v2\/types\/page"}],"author":[{"embeddable":true,"href":"https:\/\/support.merici.ca\/index.php?rest_route=\/wp\/v2\/users\/1"}],"replies":[{"embeddable":true,"href":"https:\/\/support.merici.ca\/index.php?rest_route=%2Fwp%2Fv2%2Fcomments&post=598"}],"version-history":[{"count":4,"href":"https:\/\/support.merici.ca\/index.php?rest_route=\/wp\/v2\/pages\/598\/revisions"}],"predecessor-version":[{"id":605,"href":"https:\/\/support.merici.ca\/index.php?rest_route=\/wp\/v2\/pages\/598\/revisions\/605"}],"wp:attachment":[{"href":"https:\/\/support.merici.ca\/index.php?rest_route=%2Fwp%2Fv2%2Fmedia&parent=598"}],"curies":[{"name":"wp","href":"https:\/\/api.w.org\/{rel}","templated":true}]}}