{"id":486,"date":"2021-10-07T15:36:35","date_gmt":"2021-10-07T19:36:35","guid":{"rendered":"https:\/\/merici-support-bbh9hxd2a5c5g8c9.canadacentral-01.azurewebsites.net\/?page_id=486"},"modified":"2024-01-19T11:16:39","modified_gmt":"2024-01-19T16:16:39","slug":"signature","status":"publish","type":"page","link":"https:\/\/support.merici.ca\/?page_id=486","title":{"rendered":"Signature"},"content":{"rendered":"\n<div data-wp-interactive=\"core\/file\" class=\"wp-block-file aligncenter\"><object data-wp-bind--hidden=\"!state.hasPdfPreview\" hidden class=\"wp-block-file__embed\" data=\"https:\/\/merici-support-bbh9hxd2a5c5g8c9.canadacentral-01.azurewebsites.net\/wp-content\/uploads\/2024\/01\/Creation-signature-corporative-College-Merici_H24.pdf\" type=\"application\/pdf\" style=\"width:100%;height:600px\" aria-label=\"Contenu incorpor\u00e9 Contenu incorpor\u00e9 Creation-signature-corporative-College-Merici_H24..\"><\/object><a href=\"https:\/\/merici-support-bbh9hxd2a5c5g8c9.canadacentral-01.azurewebsites.net\/wp-content\/uploads\/2024\/01\/Creation-signature-corporative-College-Merici_H24.pdf\">Creation-signature-corporative-College-Merici_H24<\/a><a href=\"https:\/\/merici-support-bbh9hxd2a5c5g8c9.canadacentral-01.azurewebsites.net\/wp-content\/uploads\/2024\/01\/Creation-signature-corporative-College-Merici_H24.pdf\" class=\"wp-block-file__button\" download>T\u00e9l\u00e9charger<\/a><\/div>\n\n\n\n<div data-wp-interactive=\"core\/file\" class=\"wp-block-file\"><object data-wp-bind--hidden=\"!state.hasPdfPreview\" hidden class=\"wp-block-file__embed\" data=\"https:\/\/merici-support-bbh9hxd2a5c5g8c9.canadacentral-01.azurewebsites.net\/wp-content\/uploads\/2024\/01\/Signature-Outlook-web_.pdf\" type=\"application\/pdf\" style=\"width:100%;height:600px\" aria-label=\"Contenu incorpor\u00e9 Contenu incorpor\u00e9 Signature-Outlook-web_..\"><\/object><a href=\"https:\/\/merici-support-bbh9hxd2a5c5g8c9.canadacentral-01.azurewebsites.net\/wp-content\/uploads\/2024\/01\/Signature-Outlook-web_.pdf\">Signature-Outlook-web_<\/a><a href=\"https:\/\/merici-support-bbh9hxd2a5c5g8c9.canadacentral-01.azurewebsites.net\/wp-content\/uploads\/2024\/01\/Signature-Outlook-web_.pdf\" class=\"wp-block-file__button\" download>T\u00e9l\u00e9charger<\/a><\/div>\n\n\n\n<div data-wp-interactive=\"core\/file\" class=\"wp-block-file\"><object data-wp-bind--hidden=\"!state.hasPdfPreview\" hidden class=\"wp-block-file__embed\" data=\"https:\/\/merici-support-bbh9hxd2a5c5g8c9.canadacentral-01.azurewebsites.net\/wp-content\/uploads\/2022\/10\/Police-defaut-Outlook.pdf\" type=\"application\/pdf\" style=\"width:100%;height:600px\" aria-label=\"Contenu incorpor\u00e9 Contenu incorpor\u00e9 Police d\u00e9faut Outlook..\"><\/object><a href=\"https:\/\/merici-support-bbh9hxd2a5c5g8c9.canadacentral-01.azurewebsites.net\/wp-content\/uploads\/2022\/10\/Police-defaut-Outlook.pdf\">Police d\u00e9faut Outlook<\/a><a href=\"https:\/\/merici-support-bbh9hxd2a5c5g8c9.canadacentral-01.azurewebsites.net\/wp-content\/uploads\/2022\/10\/Police-defaut-Outlook.pdf\" class=\"wp-block-file__button\" download>T\u00e9l\u00e9charger<\/a><\/div>\n","protected":false},"excerpt":{"rendered":"","protected":false},"author":1,"featured_media":0,"parent":0,"menu_order":0,"comment_status":"closed","ping_status":"closed","template":"templates\/template-full-width.php","meta":{"footnotes":""},"class_list":["post-486","page","type-page","status-publish","hentry"],"_links":{"self":[{"href":"https:\/\/support.merici.ca\/index.php?rest_route=\/wp\/v2\/pages\/486","targetHints":{"allow":["GET"]}}],"collection":[{"href":"https:\/\/support.merici.ca\/index.php?rest_route=\/wp\/v2\/pages"}],"about":[{"href":"https:\/\/support.merici.ca\/index.php?rest_route=\/wp\/v2\/types\/page"}],"author":[{"embeddable":true,"href":"https:\/\/support.merici.ca\/index.php?rest_route=\/wp\/v2\/users\/1"}],"replies":[{"embeddable":true,"href":"https:\/\/support.merici.ca\/index.php?rest_route=%2Fwp%2Fv2%2Fcomments&post=486"}],"version-history":[{"count":14,"href":"https:\/\/support.merici.ca\/index.php?rest_route=\/wp\/v2\/pages\/486\/revisions"}],"predecessor-version":[{"id":683,"href":"https:\/\/support.merici.ca\/index.php?rest_route=\/wp\/v2\/pages\/486\/revisions\/683"}],"wp:attachment":[{"href":"https:\/\/support.merici.ca\/index.php?rest_route=%2Fwp%2Fv2%2Fmedia&parent=486"}],"curies":[{"name":"wp","href":"https:\/\/api.w.org\/{rel}","templated":true}]}}