{"id":445,"date":"2021-09-10T10:31:24","date_gmt":"2021-09-10T14:31:24","guid":{"rendered":"https:\/\/support.merici.ca\/?page_id=445"},"modified":"2021-09-15T13:52:51","modified_gmt":"2021-09-15T17:52:51","slug":"deconnexion-membres-du-personnel","status":"publish","type":"page","link":"https:\/\/support.merici.ca\/?page_id=445","title":{"rendered":"D\u00e9connexion (Membres du personnel)"},"content":{"rendered":"\n<p>Proc\u00e9dure vid\u00e9o <a href=\"https:\/\/video.merici.ca\/watch_video.php?v=5O68472O4Y6S\" data-type=\"URL\" data-id=\"https:\/\/video.merici.ca\/watch_video.php?v=5O68472O4Y6S\">ici<\/a>.<\/p>\n\n\n\n<h2 class=\"wp-block-heading\">1.1\u00a0Se d\u00e9connecter de Microsoft Teams<\/h2>\n\n\n\n<ol class=\"wp-block-list\" type=\"A\"><li>Ouvrez la version logicielle de Microsoft Teams.<\/li><\/ol>\n\n\n\n<figure class=\"wp-block-image size-large\"><img loading=\"lazy\" decoding=\"async\" width=\"1024\" height=\"548\" src=\"https:\/\/support.merici.ca\/wp-content\/uploads\/2021\/09\/ES1-1024x548.png\" alt=\"\" class=\"wp-image-456\" srcset=\"https:\/\/support.merici.ca\/wp-content\/uploads\/2021\/09\/ES1-1024x548.png 1024w, https:\/\/support.merici.ca\/wp-content\/uploads\/2021\/09\/ES1-300x160.png 300w, https:\/\/support.merici.ca\/wp-content\/uploads\/2021\/09\/ES1-768x411.png 768w, https:\/\/support.merici.ca\/wp-content\/uploads\/2021\/09\/ES1-1536x822.png 1536w, https:\/\/support.merici.ca\/wp-content\/uploads\/2021\/09\/ES1-1200x642.png 1200w, https:\/\/support.merici.ca\/wp-content\/uploads\/2021\/09\/ES1.png 1916w\" sizes=\"auto, (max-width: 1024px) 100vw, 1024px\" \/><\/figure>\n\n\n\n<ul class=\"wp-block-list\"><li>Cliquez sur votre photo de profil et d\u00e9connectez-vous.<\/li><\/ul>\n\n\n\n<figure class=\"wp-block-image size-full\"><img loading=\"lazy\" decoding=\"async\" width=\"454\" height=\"405\" src=\"https:\/\/support.merici.ca\/wp-content\/uploads\/2021\/09\/ES2.png\" alt=\"\" class=\"wp-image-457\" srcset=\"https:\/\/support.merici.ca\/wp-content\/uploads\/2021\/09\/ES2.png 454w, https:\/\/support.merici.ca\/wp-content\/uploads\/2021\/09\/ES2-300x268.png 300w\" sizes=\"auto, (max-width: 454px) 100vw, 454px\" \/><\/figure>\n\n\n\n<h2 class=\"wp-block-heading\"><span class=\"has-inline-color has-primary-color\">1.2 <\/span>Connexion \u00e0 votre nouvelle adresse<\/h2>\n\n\n\n<ol class=\"wp-block-list\" type=\"A\"><li>Cliquez sur l\u2019option&nbsp;: Utilisez un autre compte ou inscrivez-vous.<\/li><\/ol>\n\n\n\n<figure class=\"wp-block-image size-full\"><img loading=\"lazy\" decoding=\"async\" width=\"557\" height=\"455\" src=\"https:\/\/support.merici.ca\/wp-content\/uploads\/2021\/09\/ES3.png\" alt=\"\" class=\"wp-image-458\" srcset=\"https:\/\/support.merici.ca\/wp-content\/uploads\/2021\/09\/ES3.png 557w, https:\/\/support.merici.ca\/wp-content\/uploads\/2021\/09\/ES3-300x245.png 300w\" sizes=\"auto, (max-width: 557px) 100vw, 557px\" \/><\/figure>\n\n\n\n<ul class=\"wp-block-list\"><li>Vous devrez entrer votre nouvelle adresse&nbsp;: identifiant@<strong>merici.ca<\/strong><\/li><\/ul>\n\n\n\n<p>EX&nbsp;: <a href=\"mailto:marcroy@merici.ca\">marcroy@<strong>merici.ca<\/strong><\/a><\/p>\n\n\n\n<p>et comme mot de passe&nbsp;: <strong>Le m\u00eame qu\u2019\u00e0 l\u2019ouverture de Windows.<\/strong><\/p>\n\n\n\n<figure class=\"wp-block-image size-full\"><img loading=\"lazy\" decoding=\"async\" width=\"638\" height=\"506\" src=\"https:\/\/support.merici.ca\/wp-content\/uploads\/2021\/09\/ES4.png\" alt=\"\" class=\"wp-image-459\" srcset=\"https:\/\/support.merici.ca\/wp-content\/uploads\/2021\/09\/ES4.png 638w, https:\/\/support.merici.ca\/wp-content\/uploads\/2021\/09\/ES4-300x238.png 300w\" sizes=\"auto, (max-width: 638px) 100vw, 638px\" \/><\/figure>\n\n\n\n<ul class=\"wp-block-list\"><li>Vous \u00eates maintenant connect\u00e9 \u00e0 votre compte Microsoft.<\/li><\/ul>\n\n\n\n<p><span class=\"has-inline-color has-accent-color\">*Nous avons transf\u00e9r\u00e9 vos donn\u00e9es lors de la migration.<\/span><\/p>\n","protected":false},"excerpt":{"rendered":"<p>Proc\u00e9dure vid\u00e9o ici. 1.1\u00a0Se d\u00e9connecter de Microsoft Teams Ouvrez la version logicielle de Microsoft Teams. Cliquez sur votre photo de profil et d\u00e9connectez-vous. 1.2 Connexion \u00e0 votre nouvelle adresse Cliquez sur l\u2019option&nbsp;: Utilisez un autre compte ou inscrivez-vous. Vous devrez entrer votre nouvelle adresse&nbsp;: identifiant@merici.ca EX&nbsp;: marcroy@merici.ca et comme mot de passe&nbsp;: Le m\u00eame qu\u2019\u00e0 [&hellip;]<\/p>\n","protected":false},"author":1,"featured_media":0,"parent":0,"menu_order":0,"comment_status":"closed","ping_status":"closed","template":"","meta":{"footnotes":""},"class_list":["post-445","page","type-page","status-publish","hentry"],"_links":{"self":[{"href":"https:\/\/support.merici.ca\/index.php?rest_route=\/wp\/v2\/pages\/445","targetHints":{"allow":["GET"]}}],"collection":[{"href":"https:\/\/support.merici.ca\/index.php?rest_route=\/wp\/v2\/pages"}],"about":[{"href":"https:\/\/support.merici.ca\/index.php?rest_route=\/wp\/v2\/types\/page"}],"author":[{"embeddable":true,"href":"https:\/\/support.merici.ca\/index.php?rest_route=\/wp\/v2\/users\/1"}],"replies":[{"embeddable":true,"href":"https:\/\/support.merici.ca\/index.php?rest_route=%2Fwp%2Fv2%2Fcomments&post=445"}],"version-history":[{"count":6,"href":"https:\/\/support.merici.ca\/index.php?rest_route=\/wp\/v2\/pages\/445\/revisions"}],"predecessor-version":[{"id":469,"href":"https:\/\/support.merici.ca\/index.php?rest_route=\/wp\/v2\/pages\/445\/revisions\/469"}],"wp:attachment":[{"href":"https:\/\/support.merici.ca\/index.php?rest_route=%2Fwp%2Fv2%2Fmedia&parent=445"}],"curies":[{"name":"wp","href":"https:\/\/api.w.org\/{rel}","templated":true}]}}