{"id":337,"date":"2021-01-28T07:59:25","date_gmt":"2021-01-28T12:59:25","guid":{"rendered":"https:\/\/merici-support-bbh9hxd2a5c5g8c9.canadacentral-01.azurewebsites.net\/?page_id=337"},"modified":"2021-03-15T15:22:51","modified_gmt":"2021-03-15T19:22:51","slug":"openshot","status":"publish","type":"page","link":"https:\/\/support.merici.ca\/?page_id=337","title":{"rendered":"OpenShot"},"content":{"rendered":"\n<div class=\"wp-block-image\"><figure class=\"aligncenter size-large\"><img loading=\"lazy\" decoding=\"async\" width=\"494\" height=\"139\" src=\"https:\/\/merici-support-bbh9hxd2a5c5g8c9.canadacentral-01.azurewebsites.net\/wp-content\/uploads\/2021\/01\/logo.png\" alt=\"\" class=\"wp-image-338\" srcset=\"https:\/\/support.merici.ca\/wp-content\/uploads\/2021\/01\/logo.png 494w, https:\/\/support.merici.ca\/wp-content\/uploads\/2021\/01\/logo-300x84.png 300w\" sizes=\"auto, (max-width: 494px) 100vw, 494px\" \/><\/figure><\/div>\n\n\n\n<div class=\"wp-block-buttons aligncenter is-layout-flex wp-block-buttons-is-layout-flex\">\n<div class=\"wp-block-button\"><a class=\"wp-block-button__link\" href=\"https:\/\/www.openshot.org\/fr\/download\/\" target=\"_blank\" rel=\"noreferrer noopener\">T\u00e9l\u00e9charger le logiciel<\/a><\/div>\n<\/div>\n\n\n\n<p class=\"has-text-align-center has-larger-font-size\"><strong>Manuel d&rsquo;instruction OpenShot simplifi\u00e9<\/strong><\/p>\n\n\n\n<div class=\"wp-block-buttons aligncenter is-layout-flex wp-block-buttons-is-layout-flex\">\n<div class=\"wp-block-button\"><a class=\"wp-block-button__link\" href=\"https:\/\/merici-support-bbh9hxd2a5c5g8c9.canadacentral-01.azurewebsites.net\/wp-content\/uploads\/2021\/03\/OpenShot-Manuel-dinstructions-simplifie.docx\" target=\"_blank\" rel=\"noreferrer noopener\">T\u00e9l\u00e9charger le document<\/a><\/div>\n<\/div>\n\n\n\n<figure class=\"wp-block-embed aligncenter is-type-video is-provider-youtube wp-block-embed-youtube wp-embed-aspect-16-9 wp-has-aspect-ratio\"><div class=\"wp-block-embed__wrapper\">\n<iframe loading=\"lazy\" title=\"Tutoriel Montage Vid\u00e9o avec OpenShot Video Editor (prise en main)\" width=\"580\" height=\"326\" src=\"https:\/\/www.youtube.com\/embed\/pz5C13xMDqU?feature=oembed\" frameborder=\"0\" allow=\"accelerometer; autoplay; clipboard-write; encrypted-media; gyroscope; picture-in-picture; web-share\" referrerpolicy=\"strict-origin-when-cross-origin\" allowfullscreen><\/iframe>\n<\/div><\/figure>\n\n\n\n<div class=\"wp-block-media-text alignwide has-media-on-the-right is-stacked-on-mobile is-vertically-aligned-top\"><figure class=\"wp-block-media-text__media\"><img loading=\"lazy\" decoding=\"async\" width=\"652\" height=\"432\" src=\"https:\/\/merici-support-bbh9hxd2a5c5g8c9.canadacentral-01.azurewebsites.net\/wp-content\/uploads\/2021\/01\/preferences_.png\" alt=\"\" class=\"wp-image-348 size-full\" srcset=\"https:\/\/support.merici.ca\/wp-content\/uploads\/2021\/01\/preferences_.png 652w, https:\/\/support.merici.ca\/wp-content\/uploads\/2021\/01\/preferences_-300x199.png 300w\" sizes=\"auto, (max-width: 652px) 100vw, 652px\" \/><\/figure><div class=\"wp-block-media-text__content\">\n<p style=\"font-size:35px\">Configuration recommand\u00e9e<\/p>\n\n\n\n<p class=\"has-large-font-size\">\u00c9dition &gt; Pr\u00e9f\u00e9rences &gt;Profils<\/p>\n<\/div><\/div>\n\n\n\n<div class=\"wp-block-media-text alignwide has-media-on-the-right is-stacked-on-mobile\"><figure class=\"wp-block-media-text__media\"><img loading=\"lazy\" decoding=\"async\" width=\"652\" height=\"432\" src=\"https:\/\/merici-support-bbh9hxd2a5c5g8c9.canadacentral-01.azurewebsites.net\/wp-content\/uploads\/2021\/01\/preferences_cache.png\" alt=\"\" class=\"wp-image-351 size-full\" srcset=\"https:\/\/support.merici.ca\/wp-content\/uploads\/2021\/01\/preferences_cache.png 652w, https:\/\/support.merici.ca\/wp-content\/uploads\/2021\/01\/preferences_cache-300x199.png 300w\" sizes=\"auto, (max-width: 652px) 100vw, 652px\" \/><\/figure><div class=\"wp-block-media-text__content\">\n<p style=\"font-size:35px\">Configuration recommand\u00e9e<\/p>\n\n\n\n<p style=\"font-size:26px\">\u00c9dition &gt; Pr\u00e9f\u00e9rences &gt;M\u00e9moire-cache<\/p>\n<\/div><\/div>\n\n\n\n<h2 class=\"has-text-align-center wp-block-heading\">Param\u00e8tres d&rsquo;exportation vid\u00e9o<\/h2>\n\n\n\n<div class=\"wp-block-image\"><figure class=\"aligncenter size-large is-resized\"><img loading=\"lazy\" decoding=\"async\" src=\"https:\/\/merici-support-bbh9hxd2a5c5g8c9.canadacentral-01.azurewebsites.net\/wp-content\/uploads\/2021\/01\/Exportation_video-e1611845900203.png\" alt=\"\" class=\"wp-image-357\" width=\"385\" height=\"510\"\/><\/figure><\/div>\n","protected":false},"excerpt":{"rendered":"<p>Manuel d&rsquo;instruction OpenShot simplifi\u00e9 Configuration recommand\u00e9e \u00c9dition &gt; Pr\u00e9f\u00e9rences &gt;Profils Configuration recommand\u00e9e \u00c9dition &gt; Pr\u00e9f\u00e9rences &gt;M\u00e9moire-cache Param\u00e8tres d&rsquo;exportation vid\u00e9o<\/p>\n","protected":false},"author":1,"featured_media":0,"parent":0,"menu_order":0,"comment_status":"closed","ping_status":"closed","template":"","meta":{"footnotes":""},"class_list":["post-337","page","type-page","status-publish","hentry"],"_links":{"self":[{"href":"https:\/\/support.merici.ca\/index.php?rest_route=\/wp\/v2\/pages\/337","targetHints":{"allow":["GET"]}}],"collection":[{"href":"https:\/\/support.merici.ca\/index.php?rest_route=\/wp\/v2\/pages"}],"about":[{"href":"https:\/\/support.merici.ca\/index.php?rest_route=\/wp\/v2\/types\/page"}],"author":[{"embeddable":true,"href":"https:\/\/support.merici.ca\/index.php?rest_route=\/wp\/v2\/users\/1"}],"replies":[{"embeddable":true,"href":"https:\/\/support.merici.ca\/index.php?rest_route=%2Fwp%2Fv2%2Fcomments&post=337"}],"version-history":[{"count":30,"href":"https:\/\/support.merici.ca\/index.php?rest_route=\/wp\/v2\/pages\/337\/revisions"}],"predecessor-version":[{"id":385,"href":"https:\/\/support.merici.ca\/index.php?rest_route=\/wp\/v2\/pages\/337\/revisions\/385"}],"wp:attachment":[{"href":"https:\/\/support.merici.ca\/index.php?rest_route=%2Fwp%2Fv2%2Fmedia&parent=337"}],"curies":[{"name":"wp","href":"https:\/\/api.w.org\/{rel}","templated":true}]}}