{"id":32,"date":"2020-09-16T13:08:28","date_gmt":"2020-09-16T17:08:28","guid":{"rendered":"https:\/\/merici-support-bbh9hxd2a5c5g8c9.canadacentral-01.azurewebsites.net\/?page_id=32"},"modified":"2020-09-25T09:11:28","modified_gmt":"2020-09-25T13:11:28","slug":"vdi","status":"publish","type":"page","link":"https:\/\/support.merici.ca\/?page_id=32","title":{"rendered":"Bureau Virtuel (VDI)"},"content":{"rendered":"\n<div class=\"wp-block-image\"><figure class=\"aligncenter size-large\"><img loading=\"lazy\" decoding=\"async\" width=\"512\" height=\"130\" src=\"https:\/\/merici-support-bbh9hxd2a5c5g8c9.canadacentral-01.azurewebsites.net\/wp-content\/uploads\/2020\/09\/flexvdi-logo.png\" alt=\"\" class=\"wp-image-142\" srcset=\"https:\/\/support.merici.ca\/wp-content\/uploads\/2020\/09\/flexvdi-logo.png 512w, https:\/\/support.merici.ca\/wp-content\/uploads\/2020\/09\/flexvdi-logo-300x76.png 300w\" sizes=\"auto, (max-width: 512px) 100vw, 512px\" \/><\/figure><\/div>\n\n\n\n<p class=\"has-text-align-center\" style=\"font-size:30px\"><strong>Identifiants n\u00e9cessaires \u00e0 la connexion : <\/strong><\/p>\n\n\n\n<p class=\"has-text-align-center\" style=\"font-size:20px\"><strong>Utilisateur (username) <\/strong>: Celui du coll\u00e8ge (utilisateur\/ou \/DA \u00e9tudiant)<\/p>\n\n\n\n<p class=\"has-text-align-center\" style=\"font-size:20px\"><strong>Mot de passe (password)<\/strong>&nbsp;: Celui du Coll\u00e8ge<\/p>\n\n\n\n<p class=\"has-text-align-center\" style=\"font-size:30px\"><strong>Version web<\/strong> : <a href=\"https:\/\/vdiweb.merici.ca\">https:\/\/vdiweb.merici.ca<\/a><\/p>\n\n\n\n<p class=\"has-text-align-center has-text-color\" style=\"color:#ff0206\">** Une fois connect\u00e9 vous devrez entrer vos identifiants de nouveau pour acc\u00e9der \u00e0 votre ordinateur virtuel comme ceux du Coll\u00e8ge **<\/p>\n\n\n\n<div class=\"wp-block-image\"><figure class=\"aligncenter size-large is-resized\"><img loading=\"lazy\" decoding=\"async\" src=\"https:\/\/merici-support-bbh9hxd2a5c5g8c9.canadacentral-01.azurewebsites.net\/wp-content\/uploads\/2020\/09\/flexvdi_02.png\" alt=\"\" class=\"wp-image-37\" width=\"451\" height=\"529\" srcset=\"https:\/\/support.merici.ca\/wp-content\/uploads\/2020\/09\/flexvdi_02.png 465w, https:\/\/support.merici.ca\/wp-content\/uploads\/2020\/09\/flexvdi_02-255x300.png 255w\" sizes=\"auto, (max-width: 451px) 100vw, 451px\" \/><\/figure><\/div>\n\n\n\n<hr class=\"wp-block-separator\"\/>\n\n\n\n<p class=\"has-text-align-center\"><strong>Version Logiciel Client<\/strong> : (recommand\u00e9) Pc\/Mac<\/p>\n\n\n\n<p class=\"has-text-align-center\">Pour installer le logiciel, cliquez sur le lien correspondant \u00e0 votre type d\u2019ordinateur (pc\/mac)<\/p>\n\n\n\n<div class=\"wp-block-image\"><figure class=\"aligncenter size-large is-resized\"><img loading=\"lazy\" decoding=\"async\" src=\"https:\/\/merici-support-bbh9hxd2a5c5g8c9.canadacentral-01.azurewebsites.net\/wp-content\/uploads\/2020\/09\/flexvdi_03.png\" alt=\"\" class=\"wp-image-38\" width=\"387\" height=\"455\" srcset=\"https:\/\/support.merici.ca\/wp-content\/uploads\/2020\/09\/flexvdi_03.png 465w, https:\/\/support.merici.ca\/wp-content\/uploads\/2020\/09\/flexvdi_03-255x300.png 255w\" sizes=\"auto, (max-width: 387px) 100vw, 387px\" \/><\/figure><\/div>\n\n\n\n<p class=\"has-text-align-center\">Une fois le logiciel install\u00e9, \u00e0 la page d\u2019accueil, entrez seulement l\u2019information suivante&nbsp;:<\/p>\n\n\n\n<div class=\"wp-block-image\"><figure class=\"aligncenter size-large is-resized\"><img loading=\"lazy\" decoding=\"async\" src=\"https:\/\/merici-support-bbh9hxd2a5c5g8c9.canadacentral-01.azurewebsites.net\/wp-content\/uploads\/2020\/09\/flexvdi_04.png\" alt=\"\" class=\"wp-image-39\" width=\"602\" height=\"477\" srcset=\"https:\/\/support.merici.ca\/wp-content\/uploads\/2020\/09\/flexvdi_04.png 796w, https:\/\/support.merici.ca\/wp-content\/uploads\/2020\/09\/flexvdi_04-300x238.png 300w, https:\/\/support.merici.ca\/wp-content\/uploads\/2020\/09\/flexvdi_04-768x609.png 768w\" sizes=\"auto, (max-width: 602px) 100vw, 602px\" \/><\/figure><\/div>\n","protected":false},"excerpt":{"rendered":"<p>Identifiants n\u00e9cessaires \u00e0 la connexion : Utilisateur (username) : Celui du coll\u00e8ge (utilisateur\/ou \/DA \u00e9tudiant) Mot de passe (password)&nbsp;: Celui du Coll\u00e8ge Version web : https:\/\/vdiweb.merici.ca ** Une fois connect\u00e9 vous devrez entrer vos identifiants de nouveau pour acc\u00e9der \u00e0 votre ordinateur virtuel comme ceux du Coll\u00e8ge ** Version Logiciel Client : (recommand\u00e9) Pc\/Mac Pour [&hellip;]<\/p>\n","protected":false},"author":1,"featured_media":0,"parent":0,"menu_order":0,"comment_status":"closed","ping_status":"closed","template":"templates\/template-full-width.php","meta":{"footnotes":""},"class_list":["post-32","page","type-page","status-publish","hentry"],"_links":{"self":[{"href":"https:\/\/support.merici.ca\/index.php?rest_route=\/wp\/v2\/pages\/32","targetHints":{"allow":["GET"]}}],"collection":[{"href":"https:\/\/support.merici.ca\/index.php?rest_route=\/wp\/v2\/pages"}],"about":[{"href":"https:\/\/support.merici.ca\/index.php?rest_route=\/wp\/v2\/types\/page"}],"author":[{"embeddable":true,"href":"https:\/\/support.merici.ca\/index.php?rest_route=\/wp\/v2\/users\/1"}],"replies":[{"embeddable":true,"href":"https:\/\/support.merici.ca\/index.php?rest_route=%2Fwp%2Fv2%2Fcomments&post=32"}],"version-history":[{"count":18,"href":"https:\/\/support.merici.ca\/index.php?rest_route=\/wp\/v2\/pages\/32\/revisions"}],"predecessor-version":[{"id":191,"href":"https:\/\/support.merici.ca\/index.php?rest_route=\/wp\/v2\/pages\/32\/revisions\/191"}],"wp:attachment":[{"href":"https:\/\/support.merici.ca\/index.php?rest_route=%2Fwp%2Fv2%2Fmedia&parent=32"}],"curies":[{"name":"wp","href":"https:\/\/api.w.org\/{rel}","templated":true}]}}