{"id":319,"date":"2020-11-18T14:19:40","date_gmt":"2020-11-18T19:19:40","guid":{"rendered":"https:\/\/merici-support-bbh9hxd2a5c5g8c9.canadacentral-01.azurewebsites.net\/?page_id=319"},"modified":"2020-11-18T14:19:40","modified_gmt":"2020-11-18T19:19:40","slug":"configuration-du-telephone-de-bureau","status":"publish","type":"page","link":"https:\/\/support.merici.ca\/?page_id=319","title":{"rendered":"Configuration du t\u00e9l\u00e9phone de bureau"},"content":{"rendered":"\n<p><\/p>\n\n\n\n<div class=\"wp-block-buttons is-layout-flex wp-block-buttons-is-layout-flex\">\n<div class=\"wp-block-button\"><a class=\"wp-block-button__link\" href=\"https:\/\/merici-support-bbh9hxd2a5c5g8c9.canadacentral-01.azurewebsites.net\/wp-content\/uploads\/2020\/11\/TLM-Mode-demploi-UCP-Transfert-dappel-telephone.pdf\">T\u00e9l\u00e9charger la proc\u00e9dure<\/a><\/div>\n<\/div>\n","protected":false},"excerpt":{"rendered":"","protected":false},"author":1,"featured_media":0,"parent":0,"menu_order":0,"comment_status":"closed","ping_status":"closed","template":"","meta":{"footnotes":""},"class_list":["post-319","page","type-page","status-publish","hentry"],"_links":{"self":[{"href":"https:\/\/support.merici.ca\/index.php?rest_route=\/wp\/v2\/pages\/319","targetHints":{"allow":["GET"]}}],"collection":[{"href":"https:\/\/support.merici.ca\/index.php?rest_route=\/wp\/v2\/pages"}],"about":[{"href":"https:\/\/support.merici.ca\/index.php?rest_route=\/wp\/v2\/types\/page"}],"author":[{"embeddable":true,"href":"https:\/\/support.merici.ca\/index.php?rest_route=\/wp\/v2\/users\/1"}],"replies":[{"embeddable":true,"href":"https:\/\/support.merici.ca\/index.php?rest_route=%2Fwp%2Fv2%2Fcomments&post=319"}],"version-history":[{"count":2,"href":"https:\/\/support.merici.ca\/index.php?rest_route=\/wp\/v2\/pages\/319\/revisions"}],"predecessor-version":[{"id":322,"href":"https:\/\/support.merici.ca\/index.php?rest_route=\/wp\/v2\/pages\/319\/revisions\/322"}],"wp:attachment":[{"href":"https:\/\/support.merici.ca\/index.php?rest_route=%2Fwp%2Fv2%2Fmedia&parent=319"}],"curies":[{"name":"wp","href":"https:\/\/api.w.org\/{rel}","templated":true}]}}