{"id":226,"date":"2020-09-29T15:06:09","date_gmt":"2020-09-29T19:06:09","guid":{"rendered":"https:\/\/merici-support-bbh9hxd2a5c5g8c9.canadacentral-01.azurewebsites.net\/?page_id=226"},"modified":"2022-03-18T10:35:57","modified_gmt":"2022-03-18T14:35:57","slug":"outlook-mericicollegial-ca","status":"publish","type":"page","link":"https:\/\/support.merici.ca\/?page_id=226","title":{"rendered":"Courriel @merici.ca"},"content":{"rendered":"\n<div class=\"wp-block-image\"><figure class=\"aligncenter size-large is-resized\"><img loading=\"lazy\" decoding=\"async\" src=\"https:\/\/merici-support-bbh9hxd2a5c5g8c9.canadacentral-01.azurewebsites.net\/wp-content\/uploads\/2020\/09\/logo.jpg\" alt=\"\" class=\"wp-image-229\" width=\"450\" height=\"260\" srcset=\"https:\/\/support.merici.ca\/wp-content\/uploads\/2020\/09\/logo.jpg 900w, https:\/\/support.merici.ca\/wp-content\/uploads\/2020\/09\/logo-300x173.jpg 300w, https:\/\/support.merici.ca\/wp-content\/uploads\/2020\/09\/logo-768x444.jpg 768w\" sizes=\"auto, (max-width: 450px) 100vw, 450px\" \/><\/figure><\/div>\n\n\n\n<p class=\"has-text-align-center\">Pour acc\u00e9der \u00e0 la boite courriel @merici.ca suivez les \u00e9tapes suivantes. <\/p>\n\n\n\n<div class=\"wp-block-buttons is-content-justification-center is-layout-flex wp-block-buttons-is-layout-flex\">\n<div class=\"wp-block-button\"><a class=\"wp-block-button__link\" href=\"https:\/\/outlook.office.com\" target=\"_blank\" rel=\"noreferrer noopener\">Outlook.com<\/a><\/div>\n<\/div>\n\n\n\n<p class=\"has-text-align-center\">Se connecter \u00e0 Outlook.com via le bouton ci-haut.<\/p>\n\n\n\n<p class=\"has-text-align-center has-accent-color has-text-color\"><strong>\u00c9tudiant = Votre num\u00e9ro de demande d&rsquo;admission (DA) @merici.ca<\/strong><\/p>\n\n\n\n<div class=\"wp-block-image\"><figure class=\"aligncenter size-full\"><img loading=\"lazy\" decoding=\"async\" width=\"451\" height=\"486\" src=\"https:\/\/merici-support-bbh9hxd2a5c5g8c9.canadacentral-01.azurewebsites.net\/wp-content\/uploads\/2021\/10\/Office365_login.png\" alt=\"\" class=\"wp-image-475\" srcset=\"https:\/\/support.merici.ca\/wp-content\/uploads\/2021\/10\/Office365_login.png 451w, https:\/\/support.merici.ca\/wp-content\/uploads\/2021\/10\/Office365_login-278x300.png 278w\" sizes=\"auto, (max-width: 451px) 100vw, 451px\" \/><\/figure><\/div>\n\n\n\n<div class=\"wp-block-image\"><figure class=\"aligncenter size-full\"><img loading=\"lazy\" decoding=\"async\" width=\"460\" height=\"436\" src=\"https:\/\/merici-support-bbh9hxd2a5c5g8c9.canadacentral-01.azurewebsites.net\/wp-content\/uploads\/2021\/10\/Office365_login-password.png\" alt=\"\" class=\"wp-image-477\" srcset=\"https:\/\/support.merici.ca\/wp-content\/uploads\/2021\/10\/Office365_login-password.png 460w, https:\/\/support.merici.ca\/wp-content\/uploads\/2021\/10\/Office365_login-password-300x284.png 300w\" sizes=\"auto, (max-width: 460px) 100vw, 460px\" \/><\/figure><\/div>\n\n\n\n<div class=\"wp-block-image\"><figure class=\"aligncenter size-large\"><img loading=\"lazy\" decoding=\"async\" width=\"930\" height=\"761\" src=\"https:\/\/merici-support-bbh9hxd2a5c5g8c9.canadacentral-01.azurewebsites.net\/wp-content\/uploads\/2020\/09\/03-boite-de-reception-1.png\" alt=\"\" class=\"wp-image-261\" srcset=\"https:\/\/support.merici.ca\/wp-content\/uploads\/2020\/09\/03-boite-de-reception-1.png 930w, https:\/\/support.merici.ca\/wp-content\/uploads\/2020\/09\/03-boite-de-reception-1-300x245.png 300w, https:\/\/support.merici.ca\/wp-content\/uploads\/2020\/09\/03-boite-de-reception-1-768x628.png 768w\" sizes=\"auto, (max-width: 930px) 100vw, 930px\" \/><\/figure><\/div>\n","protected":false},"excerpt":{"rendered":"<p>Pour acc\u00e9der \u00e0 la boite courriel @merici.ca suivez les \u00e9tapes suivantes. Se connecter \u00e0 Outlook.com via le bouton ci-haut. \u00c9tudiant = Votre num\u00e9ro de demande d&rsquo;admission (DA) @merici.ca<\/p>\n","protected":false},"author":1,"featured_media":0,"parent":0,"menu_order":0,"comment_status":"closed","ping_status":"closed","template":"templates\/template-full-width.php","meta":{"footnotes":""},"class_list":["post-226","page","type-page","status-publish","hentry"],"_links":{"self":[{"href":"https:\/\/support.merici.ca\/index.php?rest_route=\/wp\/v2\/pages\/226","targetHints":{"allow":["GET"]}}],"collection":[{"href":"https:\/\/support.merici.ca\/index.php?rest_route=\/wp\/v2\/pages"}],"about":[{"href":"https:\/\/support.merici.ca\/index.php?rest_route=\/wp\/v2\/types\/page"}],"author":[{"embeddable":true,"href":"https:\/\/support.merici.ca\/index.php?rest_route=\/wp\/v2\/users\/1"}],"replies":[{"embeddable":true,"href":"https:\/\/support.merici.ca\/index.php?rest_route=%2Fwp%2Fv2%2Fcomments&post=226"}],"version-history":[{"count":14,"href":"https:\/\/support.merici.ca\/index.php?rest_route=\/wp\/v2\/pages\/226\/revisions"}],"predecessor-version":[{"id":550,"href":"https:\/\/support.merici.ca\/index.php?rest_route=\/wp\/v2\/pages\/226\/revisions\/550"}],"wp:attachment":[{"href":"https:\/\/support.merici.ca\/index.php?rest_route=%2Fwp%2Fv2%2Fmedia&parent=226"}],"curies":[{"name":"wp","href":"https:\/\/api.w.org\/{rel}","templated":true}]}}